{"id":6512,"date":"2024-04-22T18:22:07","date_gmt":"2024-04-22T15:22:07","guid":{"rendered":"https:\/\/igla.ee\/toode\/gift-card-2\/"},"modified":"2025-05-12T10:23:22","modified_gmt":"2025-05-12T07:23:22","slug":"giftcard","status":"publish","type":"product","link":"https:\/\/igla.ee\/et\/toode\/giftcard\/","title":{"rendered":"Kinkekaart"},"content":{"rendered":"<blockquote>\n<div dir=\"ltr\">\n<p style=\"text-align: center;\">\u00a0Gift Card is a new option in IGL\u00c0 shop!<\/p>\n<p style=\"text-align: center;\">If you love someone to the moon and back and you`re looking for personal and special item to give, then IGL\u00c0 gift card could be your unicorn.<\/p>\n<p style=\"text-align: center;\">Gift fashion that fits all sizes with option to choose personally! Support locally made, handcrafted design and add the element of suprise to your gift.<\/p>\n<p style=\"text-align: center;\">IGL\u00c0 gift card comes in <strong>100\u20ac <\/strong>and <strong>150\u20ac<\/strong> values and has no time-limit.<\/p>\n<p style=\"text-align: center;\">Kinkekaardiga on v\u00f5imalik tasuda toodete eest meie e-poes v\u00f5i kasutada seda t\u00f6\u00f6toas osalemiseks.<\/p>\n<\/div>\n<\/blockquote>\n<blockquote>\n<div dir=\"ltr\">\n<p style=\"text-align: center;\">This workshop is one of a kind and truly creative gift &#8211; in guidance of\u00a0leathercraft artist and designer Maria Nesterenko they will make leather bag Giannis using materials provided and their own hands.<\/p>\n<p style=\"text-align: center;\">We don`t bring down stars from the sky with needle of\u00a0IGL\u00c0, but our gift card is like a moonbeam, lightening life with pleasant suprise &#8211; creating mystique of fashion and gifting quality design.<\/p>\n<\/div>\n<\/blockquote>","protected":false},"excerpt":{"rendered":"<p style=\"text-align: center;\">IGL\u00c0 gift card comes in 90\u20ac \u00a0value and has no time-limit.<\/p>\n<p style=\"text-align: center;\">Kinkekaardiga on v\u00f5imalik tasuda toodete eest meie e-poes v\u00f5i kasutada seda t\u00f6\u00f6toas osalemiseks.<\/p>","protected":false},"featured_media":6912,"comment_status":"open","ping_status":"closed","template":"","meta":{"_uag_custom_page_level_css":""},"product_brand":[],"product_cat":[140],"product_tag":[],"class_list":{"0":"post-6512","1":"product","2":"type-product","3":"status-publish","4":"has-post-thumbnail","6":"product_cat-gift-card","8":"first","9":"instock","10":"taxable","11":"shipping-taxable","12":"purchasable","13":"product-type-pw-gift-card"},"yoast_head":"<!-- This site is optimized with the Yoast SEO plugin v27.4 - https:\/\/yoast.com\/product\/yoast-seo-wordpress\/ -->\n<title>Gift Card - IGL&Agrave;<\/title>\n<meta name=\"description\" content=\"If you love someone to the moon and back and you`re looking for personal and special item to give, then IGL\u00c0 gift card could be your unicorn.\" \/>\n<meta name=\"robots\" content=\"index, follow, max-snippet:-1, max-image-preview:large, max-video-preview:-1\" \/>\n<link rel=\"canonical\" href=\"https:\/\/igla.ee\/et\/toode\/giftcard\/\" \/>\n<meta property=\"og:locale\" content=\"et_EE\" \/>\n<meta property=\"og:type\" content=\"article\" \/>\n<meta property=\"og:title\" content=\"Gift Card - IGL&Agrave;\" \/>\n<meta property=\"og:description\" content=\"If you love someone to the moon and back and you`re looking for personal and special item to give, then IGL\u00c0 gift card could be your unicorn.\" \/>\n<meta property=\"og:url\" content=\"https:\/\/igla.ee\/et\/toode\/giftcard\/\" \/>\n<meta property=\"og:site_name\" content=\"IGL&Agrave;\" \/>\n<meta property=\"article:modified_time\" content=\"2025-05-12T07:23:22+00:00\" \/>\n<meta property=\"og:image\" content=\"https:\/\/igla.ee\/wp-content\/uploads\/2024\/08\/IMG_0015.jpeg\" \/>\n\t<meta property=\"og:image:width\" content=\"750\" \/>\n\t<meta property=\"og:image:height\" content=\"1000\" \/>\n\t<meta property=\"og:image:type\" content=\"image\/jpeg\" \/>\n<meta name=\"twitter:card\" content=\"summary_large_image\" \/>\n<meta name=\"twitter:label1\" content=\"Est. reading time\" \/>\n\t<meta name=\"twitter:data1\" content=\"1 minut\" \/>\n<script type=\"application\/ld+json\" class=\"yoast-schema-graph\">{\"@context\":\"https:\\\/\\\/schema.org\",\"@graph\":[{\"@type\":\"WebPage\",\"@id\":\"https:\\\/\\\/igla.ee\\\/toode\\\/giftcard\\\/\",\"url\":\"https:\\\/\\\/igla.ee\\\/toode\\\/giftcard\\\/\",\"name\":\"Gift Card - IGL&Agrave;\",\"isPartOf\":{\"@id\":\"https:\\\/\\\/igla.ee\\\/#website\"},\"primaryImageOfPage\":{\"@id\":\"https:\\\/\\\/igla.ee\\\/toode\\\/giftcard\\\/#primaryimage\"},\"image\":{\"@id\":\"https:\\\/\\\/igla.ee\\\/toode\\\/giftcard\\\/#primaryimage\"},\"thumbnailUrl\":\"https:\\\/\\\/igla.ee\\\/wp-content\\\/uploads\\\/2024\\\/08\\\/IMG_0015.jpeg\",\"datePublished\":\"2024-04-22T15:22:07+00:00\",\"dateModified\":\"2025-05-12T07:23:22+00:00\",\"description\":\"If you love someone to the moon and back and you`re looking for personal and special item to give, then IGL\u00c0 gift card could be your unicorn.\",\"breadcrumb\":{\"@id\":\"https:\\\/\\\/igla.ee\\\/toode\\\/giftcard\\\/#breadcrumb\"},\"inLanguage\":\"et\",\"potentialAction\":[{\"@type\":\"ReadAction\",\"target\":[\"https:\\\/\\\/igla.ee\\\/toode\\\/giftcard\\\/\"]}]},{\"@type\":\"ImageObject\",\"inLanguage\":\"et\",\"@id\":\"https:\\\/\\\/igla.ee\\\/toode\\\/giftcard\\\/#primaryimage\",\"url\":\"https:\\\/\\\/igla.ee\\\/wp-content\\\/uploads\\\/2024\\\/08\\\/IMG_0015.jpeg\",\"contentUrl\":\"https:\\\/\\\/igla.ee\\\/wp-content\\\/uploads\\\/2024\\\/08\\\/IMG_0015.jpeg\",\"width\":750,\"height\":1000},{\"@type\":\"BreadcrumbList\",\"@id\":\"https:\\\/\\\/igla.ee\\\/toode\\\/giftcard\\\/#breadcrumb\",\"itemListElement\":[{\"@type\":\"ListItem\",\"position\":1,\"name\":\"Home\",\"item\":\"https:\\\/\\\/igla.ee\\\/\"},{\"@type\":\"ListItem\",\"position\":2,\"name\":\"Products\",\"item\":\"https:\\\/\\\/igla.ee\\\/shop\\\/\"},{\"@type\":\"ListItem\",\"position\":3,\"name\":\"Gift Card\"}]},{\"@type\":\"WebSite\",\"@id\":\"https:\\\/\\\/igla.ee\\\/#website\",\"url\":\"https:\\\/\\\/igla.ee\\\/\",\"name\":\"IGL\u00c0\",\"description\":\"Handcrafted leather bags\",\"publisher\":{\"@id\":\"https:\\\/\\\/igla.ee\\\/#\\\/schema\\\/person\\\/f34707f636dca984c3096e00c641cc38\"},\"alternateName\":\"IGLA\",\"potentialAction\":[{\"@type\":\"SearchAction\",\"target\":{\"@type\":\"EntryPoint\",\"urlTemplate\":\"https:\\\/\\\/igla.ee\\\/?s={search_term_string}\"},\"query-input\":{\"@type\":\"PropertyValueSpecification\",\"valueRequired\":true,\"valueName\":\"search_term_string\"}}],\"inLanguage\":\"et\"},{\"@type\":[\"Person\",\"Organization\"],\"@id\":\"https:\\\/\\\/igla.ee\\\/#\\\/schema\\\/person\\\/f34707f636dca984c3096e00c641cc38\",\"name\":\"Maria\",\"image\":{\"@type\":\"ImageObject\",\"inLanguage\":\"et\",\"@id\":\"https:\\\/\\\/igla.ee\\\/wp-content\\\/uploads\\\/2023\\\/05\\\/IGLAlogo_2.-pdf.jpg\",\"url\":\"https:\\\/\\\/igla.ee\\\/wp-content\\\/uploads\\\/2023\\\/05\\\/IGLAlogo_2.-pdf.jpg\",\"contentUrl\":\"https:\\\/\\\/igla.ee\\\/wp-content\\\/uploads\\\/2023\\\/05\\\/IGLAlogo_2.-pdf.jpg\",\"width\":564,\"height\":564,\"caption\":\"Maria\"},\"logo\":{\"@id\":\"https:\\\/\\\/igla.ee\\\/wp-content\\\/uploads\\\/2023\\\/05\\\/IGLAlogo_2.-pdf.jpg\"},\"sameAs\":[\"https:\\\/\\\/igla.ee\",\"https:\\\/\\\/www.instagram.com\\\/iglabags\\\/\"]}]}<\/script>\n<!-- \/ Yoast SEO plugin. -->","yoast_head_json":{"title":"Gift Card - IGL&Agrave;","description":"If you love someone to the moon and back and you`re looking for personal and special item to give, then IGL\u00c0 gift card could be your unicorn.","robots":{"index":"index","follow":"follow","max-snippet":"max-snippet:-1","max-image-preview":"max-image-preview:large","max-video-preview":"max-video-preview:-1"},"canonical":"https:\/\/igla.ee\/et\/toode\/giftcard\/","og_locale":"et_EE","og_type":"article","og_title":"Gift Card - IGL&Agrave;","og_description":"If you love someone to the moon and back and you`re looking for personal and special item to give, then IGL\u00c0 gift card could be your unicorn.","og_url":"https:\/\/igla.ee\/et\/toode\/giftcard\/","og_site_name":"IGL&Agrave;","article_modified_time":"2025-05-12T07:23:22+00:00","og_image":[{"width":750,"height":1000,"url":"https:\/\/igla.ee\/wp-content\/uploads\/2024\/08\/IMG_0015.jpeg","type":"image\/jpeg"}],"twitter_card":"summary_large_image","twitter_misc":{"Est. reading time":"1 minut"},"schema":{"@context":"https:\/\/schema.org","@graph":[{"@type":"WebPage","@id":"https:\/\/igla.ee\/toode\/giftcard\/","url":"https:\/\/igla.ee\/toode\/giftcard\/","name":"Gift Card - IGL&Agrave;","isPartOf":{"@id":"https:\/\/igla.ee\/#website"},"primaryImageOfPage":{"@id":"https:\/\/igla.ee\/toode\/giftcard\/#primaryimage"},"image":{"@id":"https:\/\/igla.ee\/toode\/giftcard\/#primaryimage"},"thumbnailUrl":"https:\/\/igla.ee\/wp-content\/uploads\/2024\/08\/IMG_0015.jpeg","datePublished":"2024-04-22T15:22:07+00:00","dateModified":"2025-05-12T07:23:22+00:00","description":"If you love someone to the moon and back and you`re looking for personal and special item to give, then IGL\u00c0 gift card could be your unicorn.","breadcrumb":{"@id":"https:\/\/igla.ee\/toode\/giftcard\/#breadcrumb"},"inLanguage":"et","potentialAction":[{"@type":"ReadAction","target":["https:\/\/igla.ee\/toode\/giftcard\/"]}]},{"@type":"ImageObject","inLanguage":"et","@id":"https:\/\/igla.ee\/toode\/giftcard\/#primaryimage","url":"https:\/\/igla.ee\/wp-content\/uploads\/2024\/08\/IMG_0015.jpeg","contentUrl":"https:\/\/igla.ee\/wp-content\/uploads\/2024\/08\/IMG_0015.jpeg","width":750,"height":1000},{"@type":"BreadcrumbList","@id":"https:\/\/igla.ee\/toode\/giftcard\/#breadcrumb","itemListElement":[{"@type":"ListItem","position":1,"name":"Home","item":"https:\/\/igla.ee\/"},{"@type":"ListItem","position":2,"name":"Products","item":"https:\/\/igla.ee\/shop\/"},{"@type":"ListItem","position":3,"name":"Gift Card"}]},{"@type":"WebSite","@id":"https:\/\/igla.ee\/#website","url":"https:\/\/igla.ee\/","name":"IGL\u00c0","description":"Handcrafted leather bags","publisher":{"@id":"https:\/\/igla.ee\/#\/schema\/person\/f34707f636dca984c3096e00c641cc38"},"alternateName":"IGLA","potentialAction":[{"@type":"SearchAction","target":{"@type":"EntryPoint","urlTemplate":"https:\/\/igla.ee\/?s={search_term_string}"},"query-input":{"@type":"PropertyValueSpecification","valueRequired":true,"valueName":"search_term_string"}}],"inLanguage":"et"},{"@type":["Person","Organization"],"@id":"https:\/\/igla.ee\/#\/schema\/person\/f34707f636dca984c3096e00c641cc38","name":"Maria","image":{"@type":"ImageObject","inLanguage":"et","@id":"https:\/\/igla.ee\/wp-content\/uploads\/2023\/05\/IGLAlogo_2.-pdf.jpg","url":"https:\/\/igla.ee\/wp-content\/uploads\/2023\/05\/IGLAlogo_2.-pdf.jpg","contentUrl":"https:\/\/igla.ee\/wp-content\/uploads\/2023\/05\/IGLAlogo_2.-pdf.jpg","width":564,"height":564,"caption":"Maria"},"logo":{"@id":"https:\/\/igla.ee\/wp-content\/uploads\/2023\/05\/IGLAlogo_2.-pdf.jpg"},"sameAs":["https:\/\/igla.ee","https:\/\/www.instagram.com\/iglabags\/"]}]}},"uagb_featured_image_src":{"full":["https:\/\/igla.ee\/wp-content\/uploads\/2024\/08\/IMG_0015.jpeg",750,1000,false],"thumbnail":["https:\/\/igla.ee\/wp-content\/uploads\/2024\/08\/IMG_0015-150x150.jpeg",150,150,true],"medium":["https:\/\/igla.ee\/wp-content\/uploads\/2024\/08\/IMG_0015-225x300.jpeg",225,300,true],"medium_large":["https:\/\/igla.ee\/wp-content\/uploads\/2024\/08\/IMG_0015.jpeg",750,1000,false],"large":["https:\/\/igla.ee\/wp-content\/uploads\/2024\/08\/IMG_0015-488x650.jpeg",488,650,true],"1536x1536":["https:\/\/igla.ee\/wp-content\/uploads\/2024\/08\/IMG_0015.jpeg",750,1000,false],"2048x2048":["https:\/\/igla.ee\/wp-content\/uploads\/2024\/08\/IMG_0015.jpeg",750,1000,false],"trp-custom-language-flag":["https:\/\/igla.ee\/wp-content\/uploads\/2024\/08\/IMG_0015-9x12.jpeg",9,12,true],"uncode_woocommerce_nav_thumbnail_regular":["https:\/\/igla.ee\/wp-content\/uploads\/2024\/08\/IMG_0015-350x467.jpeg",350,467,true],"uncode_woocommerce_nav_thumbnail_crop":["https:\/\/igla.ee\/wp-content\/uploads\/2024\/08\/IMG_0015-348x348.jpeg",348,348,true],"woocommerce_thumbnail":["https:\/\/igla.ee\/wp-content\/uploads\/2024\/08\/IMG_0015.jpeg",750,1000,false],"woocommerce_single":["https:\/\/igla.ee\/wp-content\/uploads\/2024\/08\/IMG_0015.jpeg",750,1000,false],"woocommerce_gallery_thumbnail":["https:\/\/igla.ee\/wp-content\/uploads\/2024\/08\/IMG_0015-100x100.jpeg",100,100,true]},"uagb_author_info":{"display_name":"Jekaterina Kivimeister","author_link":"https:\/\/igla.ee\/et\/author\/"},"uagb_comment_info":0,"uagb_excerpt":"IGL\u00c0 gift card comes in 90\u20ac \u00a0value and has no time-limit. Receiver of our gift card can use it in IGL\u00c0 shop for bags and accessories or come to workshop.","jetpack_sharing_enabled":true,"_links":{"self":[{"href":"https:\/\/igla.ee\/et\/wp-json\/wp\/v2\/product\/6512","targetHints":{"allow":["GET"]}}],"collection":[{"href":"https:\/\/igla.ee\/et\/wp-json\/wp\/v2\/product"}],"about":[{"href":"https:\/\/igla.ee\/et\/wp-json\/wp\/v2\/types\/product"}],"replies":[{"embeddable":true,"href":"https:\/\/igla.ee\/et\/wp-json\/wp\/v2\/comments?post=6512"}],"wp:featuredmedia":[{"embeddable":true,"href":"https:\/\/igla.ee\/et\/wp-json\/wp\/v2\/media\/6912"}],"wp:attachment":[{"href":"https:\/\/igla.ee\/et\/wp-json\/wp\/v2\/media?parent=6512"}],"wp:term":[{"taxonomy":"product_brand","embeddable":true,"href":"https:\/\/igla.ee\/et\/wp-json\/wp\/v2\/product_brand?post=6512"},{"taxonomy":"product_cat","embeddable":true,"href":"https:\/\/igla.ee\/et\/wp-json\/wp\/v2\/product_cat?post=6512"},{"taxonomy":"product_tag","embeddable":true,"href":"https:\/\/igla.ee\/et\/wp-json\/wp\/v2\/product_tag?post=6512"}],"curies":[{"name":"wp","href":"https:\/\/api.w.org\/{rel}","templated":true}]}}